{"id":7,"date":"2010-03-02T15:58:25","date_gmt":"2010-03-02T14:58:25","guid":{"rendered":"http:\/\/www.medievalwall.com\/hrvatski\/?page_id=7"},"modified":"2010-03-02T15:58:25","modified_gmt":"2010-03-02T14:58:25","slug":"onama","status":"publish","type":"page","link":"https:\/\/medievalwall.com\/hrvatski\/onama\/","title":{"rendered":"O nama"},"content":{"rendered":"<div class=\"about-content\"><img loading=\"lazy\" decoding=\"async\" class=\"alignleft\" style=\"background-color: transparent; border: 0px; padding: 0px; margin-top: 17px; margin-bottom: 10px;\" src=\"http:\/\/www.medievalwall.com\/hrvatski\/wp-content\/uploads\/2010\/03\/Tea-round.png\" alt=\"Tea Gudek \u0160najdar\" width=\"170\" height=\"170\" \/>\n<h3>Tea Gudek \u0160najdar<\/h3>\n<p>Idejna za\u010detnica projekta, glavna urednica i autorica tekstova. Ro\u0111ena je 7. kolovoza 1986. godine u Zagrebu. Zavr\u0161ila je preddiplomski studij povijesti umjetnosti i povijesti na Filozofskom fakultetu u Rijeci, te diplomski studij povijesti umjetnosti na Filozofskom fakultetu u Zagrebu. Zainteresirana je za teme iz srednjovjekovne umjetnosti, osobito profanog i obrambenog graditeljstva. Radove objavljuje u stru\u010dnim i popularnim \u010dasopisima. Tea tako\u0111er objavljuje svoje \u010dlanke na blogu <a href=\"https:\/\/culturetourist.com\" target=\"_blank\" title=\"culturetourist.com\">culturetourist.com<\/a>.<\/p>\n<p>e-mail \u2192 <a title=\"tgudek@medievalwall.com\" href=\"mailto:tgudek@medievalwall.com\">tgudek@medievalwall.com<\/a><\/p>\n<\/div>\n<div class=\"about-content\"><img loading=\"lazy\" decoding=\"async\" class=\"alignleft\" style=\"background-color: transparent; border: 0px; padding: 0px; margin-top: 13px; margin-bottom: 10px;\" src=\"http:\/\/www.medievalwall.com\/hrvatski\/wp-content\/uploads\/2010\/03\/Marin-round.png\" alt=\"Marin Miklo\u0161ka\" width=\"170\" height=\"170\" \/>\n<h3>Marin Miklo\u0161ka<\/h3>\n<p>Suradnik i autor \u010dlanaka na portalu. Ro\u0111en je 19. srpnja 1987. u Rijeci. Zavr\u0161io je preddiplomski studij povijesti na Sveu\u010dili\u0161tu Jurja Dobrile u Puli. Cilj mu je baviti se istra\u017eiva\u010dkim radom. Zainteresiran je za teme vezane uz srednji vijek, a posebno za one vezane uz hrvatsko rano srednjovjekovlje.<\/p>\n<p>e-mail \u2192 <a title=\"marin.mikloska@medievalwall.com\" href=\"mailto:marin.mikloska@medievalwall.com\">marin.mikloska@medievalwall.com<\/a><\/p>\n<\/div>\n<div class=\"about-content\"><img loading=\"lazy\" decoding=\"async\" class=\"alignleft\" style=\"background-color: transparent; border: 0px; padding: 0px; margin-top: 13px; margin-bottom: 10px;\" src=\"http:\/\/www.medievalwall.com\/hrvatski\/wp-content\/uploads\/2010\/03\/Marijan-round.png\" alt=\"Marijan Niki\u0107\" width=\"170\" height=\"170\" \/>\n<h3>Marijan Niki\u0107<\/h3>\n<p>Prevodi, lektorira i korigira tekstove na engleskom. Ro\u0111en je 26. travnja 1984. godine u Zagrebu. Zavr\u0161io je diplomski studij ra\u010dunarstva na Fakultetu elektrotehnike i ra\u010dunarstva u Zagrebu. Sklonost jezicima pokazuje od najmla\u0111ih dana, a prevo\u0111enjem tekstova, literature i slu\u017ebenih dokumenata s hrvatskog na engleski i obratno bavi se jo\u0161 od srednje \u0161kole, uz mentorstvo tada\u0161nje profesorice, sudskog tuma\u010da za engleski jezik.<\/p>\n<\/div>\n<div class=\"about-content\"><img loading=\"lazy\" decoding=\"async\" class=\"alignleft\" style=\"background-color: transparent; border: 0px; padding: 0px; margin-top: 13px; margin-bottom: 10px;\" src=\"http:\/\/www.medievalwall.com\/hrvatski\/wp-content\/uploads\/2010\/03\/Seki-round.png\" alt=\"Marijan \u0160najdar\" width=\"170\" height=\"170\" \/>\n<h3>Marijan \u0160najdar<\/h3>\n<p>Suosniva\u010d portala, odgovoran za dizajn, implementaciju, odr\u017eavanje stranice i tehni\u010dka pitanja. Ro\u0111en 11. svibnja 1983. godine u Rijeci. Zavr\u0161io je studij informati\u010dkog dizajna na Tehni\u010dkom veleu\u010dili\u0161tu u Zagrebu. Trenutno, Marijan radi kao UX dizajner u <a title=\"Booking.com\" href=\"http:\/\/www.booking.com\/\" target=\"_blank\">Booking.com<\/a> u Amsterdamu.<\/p>\n<p>e-mail \u2192 <a title=\"marijan@web-craftsman.com\" href=\"mailto:marijan@web-craftsman.com\">marijan@web-craftsman.com<\/a><br \/> web \u2192 <a title=\"web-craftsman.com\" href=\"http:\/\/www.web-craftsman.com\" target=\"_blank\">web-craftsman.com<\/a><\/p>\n<\/div>\n<div class=\"article-highlight\">\n<h3 style=\"margin-bottom: 0px;\">Nagrade i priznanja<\/h3>\n<p style=\"padding-bottom: 10px; overflow: hidden; display: block;\"><img loading=\"lazy\" decoding=\"async\" style=\"margin: 10px 15px 0 0;\" src=\"http:\/\/www.medievalwall.com\/hrvatski\/wp-content\/uploads\/2011\/11\/Art-History-Blog-Award.png\" alt=\"Art History Blog Award\" width=\"187\" height=\"47\" align=\"left\" \/> Na\u0161e prvo priznanje. Ponosni smo \u0161to nam je dodijeljena <strong>2010 Top Art History Blog Award<\/strong> nagrada sponzorirana od Online PhD Programs!<\/p>\n<p style=\"padding-bottom: 20x; overflow: hidden; display: block;\"><a title=\"Galaxy Tab Competition\" href=\"http:\/\/forum.arvixe.com\/smf\/website-showcase\/win-a-galaxy-tab-competition-information\/\" target=\"_blank\"><img loading=\"lazy\" decoding=\"async\" style=\"margin: 0 15px 0 0;\" title=\"Arvixe Galaxy Tab Competition\" src=\"http:\/\/www.medievalwall.com\/hrvatski\/wp-content\/uploads\/2011\/11\/Arvixe-Galaxy-Tab-Competition.png\" alt=\"Arvixe Galaxy Tab Competition\" width=\"187\" height=\"49\" align=\"left\" \/><\/a>\u010cast nam je da je Medieval Wall progla\u0161en kao pobjednik <a title=\"Arvixe hosting\" href=\"http:\/\/www.arvixe.com\/\" target=\"_blank\">Arvixe hosting<\/a> <strong>Samsung Galaxy Tab Competition Winner<\/strong> natjecanja.<\/p>\n<\/div>\n<p>&nbsp;<\/p>\n<h4>Autorska prava<\/h4>\n<p>Svi tekstovi ovog bloga za\u0161ti\u0107eni su autorskim pravima.<\/p>\n<h4>Uvjeti kori\u0161tenja<\/h4>\n<p>Pregled materijala i sadr\u017eaja ovog bloga dopu\u0161ten je samo u edukativne i osobne svrhe. Bilo kakvo reproduciranje ili distribucija tekstova sadr\u017eanih na Medieval Wallu, u komercijalne svrhe, dozvoljeno je samo uz prethodno pismeno odobrenje autora. Ne preuzimamo odgovornost za sadr\u017eaj stranica vanjskih linkova.<\/p>","protected":false},"excerpt":{"rendered":"<p>\u010clanci koje \u0107emo objavljivati na ovome blogu baviti \u0107e se temama iz srednjega vijeka. Kroz njih<br \/>\n\u017eelimo ovo razdoblje pribli\u017eiti \u0161irem \u010ditateljstvu kroz zanimljiv i \u010ditak jezik, nikako ne smanjuju\u0107i njihovu stru\u010dnost. Inzistirati \u0107emo na kvalitetnoj literaturi, koja \u0107e biti navedena uz svaki \u010dlanak.<br \/>\nGeografski \u0107emo se orijentirati na podru\u010dje Hrvatske i Srednje Europe, no ne isklju\u010duju\u0107i druge regije.  <\/p>\n","protected":false},"author":1,"featured_media":0,"parent":0,"menu_order":0,"comment_status":"closed","ping_status":"open","template":"","meta":{"footnotes":""},"class_list":["post-7","page","type-page","status-publish","hentry"],"aioseo_notices":[],"_links":{"self":[{"href":"https:\/\/medievalwall.com\/hrvatski\/wp-json\/wp\/v2\/pages\/7","targetHints":{"allow":["GET"]}}],"collection":[{"href":"https:\/\/medievalwall.com\/hrvatski\/wp-json\/wp\/v2\/pages"}],"about":[{"href":"https:\/\/medievalwall.com\/hrvatski\/wp-json\/wp\/v2\/types\/page"}],"author":[{"embeddable":true,"href":"https:\/\/medievalwall.com\/hrvatski\/wp-json\/wp\/v2\/users\/1"}],"replies":[{"embeddable":true,"href":"https:\/\/medievalwall.com\/hrvatski\/wp-json\/wp\/v2\/comments?post=7"}],"version-history":[{"count":0,"href":"https:\/\/medievalwall.com\/hrvatski\/wp-json\/wp\/v2\/pages\/7\/revisions"}],"wp:attachment":[{"href":"https:\/\/medievalwall.com\/hrvatski\/wp-json\/wp\/v2\/media?parent=7"}],"curies":[{"name":"wp","href":"https:\/\/api.w.org\/{rel}","templated":true}]}}